{"id":16,"date":"2015-09-28T10:18:11","date_gmt":"2015-09-28T10:18:11","guid":{"rendered":"http:\/\/demo.themegrill.com\/fitclub\/?page_id=16"},"modified":"2021-08-22T19:26:53","modified_gmt":"2021-08-22T19:26:53","slug":"mma","status":"publish","type":"page","link":"https:\/\/mtf-freising.de\/en\/mma\/","title":{"rendered":"Mixed Martial Arts (MMA)"},"content":{"rendered":"<p style=\"text-align: center;\"><!--more--><\/p>\n\n\n<p>MMA ist eine Vollkontakt-Kampfsportart und bedient sich sowohl der Schlag- und Tritttechniken (Striking) des Boxens, Kickboxens, Taekwondo, Muay Thai und Karate als auch einiger Bodenkampf- und Ringtechniken. Dass auch im Bodenkampf geschlagen und zum Teil getreten werden darf, ist das Hauptunterscheidungsmerkmal zu anderen Vollkontaktsportarten. <\/p>\n\n\n\n<p>Ziel des MMA ist es, den Gegner in einem Kampf zu besiegen, bis er durch \u201eAbklopfen\u201c aufgibt, k.&nbsp;o. geht  oder der Schiedsrichter den Kampf abbricht.<\/p>\n\n\n\n<p>Im Training funktioniert alles \u00fcber Vertrauen und den gegenseitigen Respekt, den sich beide Kontrahenten entgegen bringen. <\/p>\n\n\n\n<p>Beim MMA kommt es neben der Technik auch die Geschwindigkeit an: Liegt ein Kontrahent in einer vermeintlich aussichtslosen  Position am Boden, gibt es f\u00fcr diesen meist immer noch ein oder zwei  Optionen, um sich zu befreien. F\u00fcr den Gegner gilt es dann, diese  M\u00f6glichkeiten fr\u00fchzeitig zu erkennen und entsprechend abzuwehren.<\/p>\n\n\n\n<p>Jeder Griff, jeder Schlag, jeder Tritt hat das Ziel den Gegner zu schw\u00e4chen und eines zu verhindern: Dass man selbst attackiert wird. Pure Kraft hilft einem hier nicht weiter, ihr taktischer Einsatz in Kombination mit den verschiedenen Kampftechniken kann aber nat\u00fcrlich in einigen Situationen von Vorteil sein.<\/p>\n\n\n\n<p><a href=\"https:\/\/mtf-freising.de\/en\/probetraining\/\">Kommt f\u00fcr ein Probetraining vorbei!<\/a><\/p>\n\n\n\n<figure class=\"wp-block-gallery columns-3 is-cropped wp-block-gallery-1 is-layout-flex wp-block-gallery-is-layout-flex\"><ul class=\"blocks-gallery-grid\"><li class=\"blocks-gallery-item\"><figure><img loading=\"lazy\" decoding=\"async\" width=\"1024\" height=\"683\" src=\"https:\/\/mtf-freising.de\/wp-content\/uploads\/2020\/01\/IMG_9675-1024x683.jpg\" alt=\"\" data-id=\"223\" data-full-url=\"https:\/\/mtf-freising.de\/wp-content\/uploads\/2020\/01\/IMG_9675-scaled.jpg\" data-link=\"https:\/\/mtf-freising.de\/img_9675\/\" class=\"wp-image-223\" srcset=\"https:\/\/mtf-freising.de\/wp-content\/uploads\/2020\/01\/IMG_9675-1024x683.jpg 1024w, https:\/\/mtf-freising.de\/wp-content\/uploads\/2020\/01\/IMG_9675-300x200.jpg 300w, https:\/\/mtf-freising.de\/wp-content\/uploads\/2020\/01\/IMG_9675-768x512.jpg 768w, https:\/\/mtf-freising.de\/wp-content\/uploads\/2020\/01\/IMG_9675-1536x1024.jpg 1536w, https:\/\/mtf-freising.de\/wp-content\/uploads\/2020\/01\/IMG_9675-2048x1365.jpg 2048w\" sizes=\"auto, (max-width: 1024px) 100vw, 1024px\" \/><\/figure><\/li><li class=\"blocks-gallery-item\"><figure><img loading=\"lazy\" decoding=\"async\" width=\"1024\" height=\"683\" src=\"https:\/\/mtf-freising.de\/wp-content\/uploads\/2020\/01\/IMG_9310-1024x683.jpg\" alt=\"\" data-id=\"225\" data-full-url=\"https:\/\/mtf-freising.de\/wp-content\/uploads\/2020\/01\/IMG_9310-scaled.jpg\" data-link=\"https:\/\/mtf-freising.de\/img_9310\/\" class=\"wp-image-225\" srcset=\"https:\/\/mtf-freising.de\/wp-content\/uploads\/2020\/01\/IMG_9310-1024x683.jpg 1024w, https:\/\/mtf-freising.de\/wp-content\/uploads\/2020\/01\/IMG_9310-300x200.jpg 300w, https:\/\/mtf-freising.de\/wp-content\/uploads\/2020\/01\/IMG_9310-768x512.jpg 768w, https:\/\/mtf-freising.de\/wp-content\/uploads\/2020\/01\/IMG_9310-1536x1024.jpg 1536w, https:\/\/mtf-freising.de\/wp-content\/uploads\/2020\/01\/IMG_9310-2048x1365.jpg 2048w\" sizes=\"auto, (max-width: 1024px) 100vw, 1024px\" \/><\/figure><\/li><li class=\"blocks-gallery-item\"><figure><img loading=\"lazy\" decoding=\"async\" width=\"1024\" height=\"684\" src=\"https:\/\/mtf-freising.de\/wp-content\/uploads\/2020\/01\/IMG_9653-1024x684.jpg\" alt=\"\" data-id=\"247\" data-full-url=\"https:\/\/mtf-freising.de\/wp-content\/uploads\/2020\/01\/IMG_9653-scaled.jpg\" data-link=\"https:\/\/mtf-freising.de\/img_9653\/\" class=\"wp-image-247\" srcset=\"https:\/\/mtf-freising.de\/wp-content\/uploads\/2020\/01\/IMG_9653-1024x684.jpg 1024w, https:\/\/mtf-freising.de\/wp-content\/uploads\/2020\/01\/IMG_9653-300x200.jpg 300w, https:\/\/mtf-freising.de\/wp-content\/uploads\/2020\/01\/IMG_9653-768x513.jpg 768w, https:\/\/mtf-freising.de\/wp-content\/uploads\/2020\/01\/IMG_9653-1536x1026.jpg 1536w, https:\/\/mtf-freising.de\/wp-content\/uploads\/2020\/01\/IMG_9653-2048x1368.jpg 2048w\" sizes=\"auto, (max-width: 1024px) 100vw, 1024px\" \/><\/figure><\/li><li class=\"blocks-gallery-item\"><figure><img loading=\"lazy\" decoding=\"async\" width=\"1024\" height=\"683\" src=\"https:\/\/mtf-freising.de\/wp-content\/uploads\/2020\/01\/IMG_9662-1024x683.jpg\" alt=\"\" data-id=\"219\" data-full-url=\"https:\/\/mtf-freising.de\/wp-content\/uploads\/2020\/01\/IMG_9662-scaled.jpg\" data-link=\"https:\/\/mtf-freising.de\/img_9662\/\" class=\"wp-image-219\" srcset=\"https:\/\/mtf-freising.de\/wp-content\/uploads\/2020\/01\/IMG_9662-1024x683.jpg 1024w, https:\/\/mtf-freising.de\/wp-content\/uploads\/2020\/01\/IMG_9662-300x200.jpg 300w, https:\/\/mtf-freising.de\/wp-content\/uploads\/2020\/01\/IMG_9662-768x512.jpg 768w, https:\/\/mtf-freising.de\/wp-content\/uploads\/2020\/01\/IMG_9662-1536x1024.jpg 1536w, https:\/\/mtf-freising.de\/wp-content\/uploads\/2020\/01\/IMG_9662-2048x1365.jpg 2048w\" sizes=\"auto, (max-width: 1024px) 100vw, 1024px\" \/><\/figure><\/li><li class=\"blocks-gallery-item\"><figure><img loading=\"lazy\" decoding=\"async\" width=\"1024\" height=\"683\" src=\"https:\/\/mtf-freising.de\/wp-content\/uploads\/2020\/01\/IMG_9665-1024x683.jpg\" alt=\"\" data-id=\"206\" data-full-url=\"https:\/\/mtf-freising.de\/wp-content\/uploads\/2020\/01\/IMG_9665-scaled.jpg\" data-link=\"https:\/\/mtf-freising.de\/img_9665\/\" class=\"wp-image-206\" srcset=\"https:\/\/mtf-freising.de\/wp-content\/uploads\/2020\/01\/IMG_9665-1024x683.jpg 1024w, https:\/\/mtf-freising.de\/wp-content\/uploads\/2020\/01\/IMG_9665-300x200.jpg 300w, https:\/\/mtf-freising.de\/wp-content\/uploads\/2020\/01\/IMG_9665-768x512.jpg 768w, https:\/\/mtf-freising.de\/wp-content\/uploads\/2020\/01\/IMG_9665-1536x1024.jpg 1536w, https:\/\/mtf-freising.de\/wp-content\/uploads\/2020\/01\/IMG_9665-2048x1365.jpg 2048w\" sizes=\"auto, (max-width: 1024px) 100vw, 1024px\" \/><\/figure><\/li><li class=\"blocks-gallery-item\"><figure><img loading=\"lazy\" decoding=\"async\" width=\"1024\" height=\"683\" src=\"https:\/\/mtf-freising.de\/wp-content\/uploads\/2020\/01\/IMG_9315-1024x683.jpg\" alt=\"\" data-id=\"207\" data-full-url=\"https:\/\/mtf-freising.de\/wp-content\/uploads\/2020\/01\/IMG_9315-scaled.jpg\" data-link=\"https:\/\/mtf-freising.de\/img_9315\/\" class=\"wp-image-207\" srcset=\"https:\/\/mtf-freising.de\/wp-content\/uploads\/2020\/01\/IMG_9315-1024x683.jpg 1024w, https:\/\/mtf-freising.de\/wp-content\/uploads\/2020\/01\/IMG_9315-300x200.jpg 300w, https:\/\/mtf-freising.de\/wp-content\/uploads\/2020\/01\/IMG_9315-768x512.jpg 768w, https:\/\/mtf-freising.de\/wp-content\/uploads\/2020\/01\/IMG_9315-1536x1024.jpg 1536w, https:\/\/mtf-freising.de\/wp-content\/uploads\/2020\/01\/IMG_9315-2048x1365.jpg 2048w\" sizes=\"auto, (max-width: 1024px) 100vw, 1024px\" \/><\/figure><\/li><\/ul><\/figure>\n\n\n\n<p>Wo der Kurs statt findet:<\/p>\n\n\n\n<iframe loading=\"lazy\" id=\"gmap_canvas\" src=\"https:\/\/maps.google.com\/maps?q=Muay%20Thai%20Freunde%20Freising%20e.V.%20Bahnhofstr.%2050%2085368%20Moosburg&amp;t=&amp;z=17&amp;ie=UTF8&amp;iwloc=&amp;output=embed\" scrolling=\"no\" marginheight=\"0\" marginwidth=\"0\" width=\"100%\" height=\"400\" frameborder=\"0\"><\/iframe>\n\n\n\n<hr class=\"wp-block-separator is-style-wide\"\/>\n\n\n\n<p>Mixed martial arts (MMA), also known as cage fighting, is a full-contact combat sport that allows striking and grappling, both standing and on the ground, using techniques from various combat sports and martial arts.<\/p>\n\n\n\n<p>The rules allow the combatants to use a variety of martial arts techniques including punches, kicks, joint-locks, chokes, takedowns and throws. Victory is normally gained through knock-out, submission (one fighter concedes victory to the other by tapping the mat or his opponent with his hand), or stoppage by the referee, the fight doctor, or a competitor\u2019s cornerman. <\/p>\n\n\n\n<p>MMA has been called \u201cthe world&#8217;s fastest-growing sport (UFC, BELLATOR, ONE, KSW, GMC &#8211; in Germany)\u201d which makes sense given it hasn&#8217;t been around that long. For instance, among 18-34 year-old fans in the United States, MMA is more popular than either the NHL or even NASCAR.<\/p>\n\n\n\n<p><a href=\"https:\/\/mtf-freising.de\/en\/probetraining\/\">Get in touch with us for a free trial session!<\/a><\/p>","protected":false},"excerpt":{"rendered":"","protected":false},"author":1,"featured_media":310,"parent":0,"menu_order":0,"comment_status":"closed","ping_status":"closed","template":"page-templates\/template-service.php","meta":{"footnotes":""},"class_list":["post-16","page","type-page","status-publish","has-post-thumbnail","hentry"],"yoast_head":"<!-- This site is optimized with the Yoast SEO plugin v27.5 - https:\/\/yoast.com\/product\/yoast-seo-wordpress\/ -->\n<title>Mixed Martial Arts (MMA) | Muay Thai Freunde Freising e.V.<\/title>\n<meta name=\"robots\" content=\"index, follow, max-snippet:-1, max-image-preview:large, max-video-preview:-1\" \/>\n<link rel=\"canonical\" href=\"https:\/\/mtf-freising.de\/en\/mma\/\" \/>\n<meta property=\"og:locale\" content=\"en_US\" \/>\n<meta property=\"og:type\" content=\"article\" \/>\n<meta property=\"og:title\" content=\"Mixed Martial Arts (MMA) | Muay Thai Freunde Freising e.V.\" \/>\n<meta property=\"og:url\" content=\"https:\/\/mtf-freising.de\/en\/mma\/\" \/>\n<meta property=\"og:site_name\" content=\"Muay Thai Freunde Freising e.V.\" \/>\n<meta property=\"article:modified_time\" content=\"2021-08-22T19:26:53+00:00\" \/>\n<meta property=\"og:image\" content=\"https:\/\/mtf-freising.de\/wp-content\/uploads\/2020\/01\/IMG_9635-scaled.jpg\" \/>\n\t<meta property=\"og:image:width\" content=\"2560\" \/>\n\t<meta property=\"og:image:height\" content=\"1706\" \/>\n\t<meta property=\"og:image:type\" content=\"image\/jpeg\" \/>\n<meta name=\"twitter:card\" content=\"summary_large_image\" \/>\n<meta name=\"twitter:label1\" content=\"Est. reading time\" \/>\n\t<meta name=\"twitter:data1\" content=\"2 minutes\" \/>\n<script type=\"application\/ld+json\" class=\"yoast-schema-graph\">{\"@context\":\"https:\\\/\\\/schema.org\",\"@graph\":[{\"@type\":\"WebPage\",\"@id\":\"https:\\\/\\\/mtf-freising.de\\\/mma\\\/\",\"url\":\"https:\\\/\\\/mtf-freising.de\\\/mma\\\/\",\"name\":\"Mixed Martial Arts (MMA) | Muay Thai Freunde Freising e.V.\",\"isPartOf\":{\"@id\":\"https:\\\/\\\/mtf-freising.de\\\/#website\"},\"primaryImageOfPage\":{\"@id\":\"https:\\\/\\\/mtf-freising.de\\\/mma\\\/#primaryimage\"},\"image\":{\"@id\":\"https:\\\/\\\/mtf-freising.de\\\/mma\\\/#primaryimage\"},\"thumbnailUrl\":\"https:\\\/\\\/mtf-freising.de\\\/wp-content\\\/uploads\\\/2020\\\/01\\\/IMG_9635-scaled.jpg\",\"datePublished\":\"2015-09-28T10:18:11+00:00\",\"dateModified\":\"2021-08-22T19:26:53+00:00\",\"breadcrumb\":{\"@id\":\"https:\\\/\\\/mtf-freising.de\\\/mma\\\/#breadcrumb\"},\"inLanguage\":\"en-US\",\"potentialAction\":[{\"@type\":\"ReadAction\",\"target\":[\"https:\\\/\\\/mtf-freising.de\\\/mma\\\/\"]}]},{\"@type\":\"ImageObject\",\"inLanguage\":\"en-US\",\"@id\":\"https:\\\/\\\/mtf-freising.de\\\/mma\\\/#primaryimage\",\"url\":\"https:\\\/\\\/mtf-freising.de\\\/wp-content\\\/uploads\\\/2020\\\/01\\\/IMG_9635-scaled.jpg\",\"contentUrl\":\"https:\\\/\\\/mtf-freising.de\\\/wp-content\\\/uploads\\\/2020\\\/01\\\/IMG_9635-scaled.jpg\",\"width\":2560,\"height\":1706},{\"@type\":\"BreadcrumbList\",\"@id\":\"https:\\\/\\\/mtf-freising.de\\\/mma\\\/#breadcrumb\",\"itemListElement\":[{\"@type\":\"ListItem\",\"position\":1,\"name\":\"Home\",\"item\":\"https:\\\/\\\/mtf-freising.de\\\/\"},{\"@type\":\"ListItem\",\"position\":2,\"name\":\"Mixed Martial Arts (MMA)\"}]},{\"@type\":\"WebSite\",\"@id\":\"https:\\\/\\\/mtf-freising.de\\\/#website\",\"url\":\"https:\\\/\\\/mtf-freising.de\\\/\",\"name\":\"Muay Thai Freunde Freising e.V.\",\"description\":\"\",\"publisher\":{\"@id\":\"https:\\\/\\\/mtf-freising.de\\\/#organization\"},\"alternateName\":\"www.mtf-freising.de\",\"potentialAction\":[{\"@type\":\"SearchAction\",\"target\":{\"@type\":\"EntryPoint\",\"urlTemplate\":\"https:\\\/\\\/mtf-freising.de\\\/?s={search_term_string}\"},\"query-input\":{\"@type\":\"PropertyValueSpecification\",\"valueRequired\":true,\"valueName\":\"search_term_string\"}}],\"inLanguage\":\"en-US\"},{\"@type\":\"Organization\",\"@id\":\"https:\\\/\\\/mtf-freising.de\\\/#organization\",\"name\":\"Muay Thai Freunde e.V.\",\"alternateName\":\"Muay Thai Freunde e.V.\",\"url\":\"https:\\\/\\\/mtf-freising.de\\\/\",\"logo\":{\"@type\":\"ImageObject\",\"inLanguage\":\"en-US\",\"@id\":\"https:\\\/\\\/mtf-freising.de\\\/#\\\/schema\\\/logo\\\/image\\\/\",\"url\":\"https:\\\/\\\/mtf-freising.de\\\/wp-content\\\/uploads\\\/2025\\\/12\\\/MTFF_Logo_large_sw_mitText-714x1024-1.png\",\"contentUrl\":\"https:\\\/\\\/mtf-freising.de\\\/wp-content\\\/uploads\\\/2025\\\/12\\\/MTFF_Logo_large_sw_mitText-714x1024-1.png\",\"width\":714,\"height\":1024,\"caption\":\"Muay Thai Freunde e.V.\"},\"image\":{\"@id\":\"https:\\\/\\\/mtf-freising.de\\\/#\\\/schema\\\/logo\\\/image\\\/\"}}]}<\/script>\n<!-- \/ Yoast SEO plugin. -->","yoast_head_json":{"title":"Mixed Martial Arts (MMA) | Muay Thai Freunde Freising e.V.","robots":{"index":"index","follow":"follow","max-snippet":"max-snippet:-1","max-image-preview":"max-image-preview:large","max-video-preview":"max-video-preview:-1"},"canonical":"https:\/\/mtf-freising.de\/en\/mma\/","og_locale":"en_US","og_type":"article","og_title":"Mixed Martial Arts (MMA) | Muay Thai Freunde Freising e.V.","og_url":"https:\/\/mtf-freising.de\/en\/mma\/","og_site_name":"Muay Thai Freunde Freising e.V.","article_modified_time":"2021-08-22T19:26:53+00:00","og_image":[{"width":2560,"height":1706,"url":"https:\/\/mtf-freising.de\/wp-content\/uploads\/2020\/01\/IMG_9635-scaled.jpg","type":"image\/jpeg"}],"twitter_card":"summary_large_image","twitter_misc":{"Est. reading time":"2 minutes"},"schema":{"@context":"https:\/\/schema.org","@graph":[{"@type":"WebPage","@id":"https:\/\/mtf-freising.de\/mma\/","url":"https:\/\/mtf-freising.de\/mma\/","name":"Mixed Martial Arts (MMA) | Muay Thai Freunde Freising e.V.","isPartOf":{"@id":"https:\/\/mtf-freising.de\/#website"},"primaryImageOfPage":{"@id":"https:\/\/mtf-freising.de\/mma\/#primaryimage"},"image":{"@id":"https:\/\/mtf-freising.de\/mma\/#primaryimage"},"thumbnailUrl":"https:\/\/mtf-freising.de\/wp-content\/uploads\/2020\/01\/IMG_9635-scaled.jpg","datePublished":"2015-09-28T10:18:11+00:00","dateModified":"2021-08-22T19:26:53+00:00","breadcrumb":{"@id":"https:\/\/mtf-freising.de\/mma\/#breadcrumb"},"inLanguage":"en-US","potentialAction":[{"@type":"ReadAction","target":["https:\/\/mtf-freising.de\/mma\/"]}]},{"@type":"ImageObject","inLanguage":"en-US","@id":"https:\/\/mtf-freising.de\/mma\/#primaryimage","url":"https:\/\/mtf-freising.de\/wp-content\/uploads\/2020\/01\/IMG_9635-scaled.jpg","contentUrl":"https:\/\/mtf-freising.de\/wp-content\/uploads\/2020\/01\/IMG_9635-scaled.jpg","width":2560,"height":1706},{"@type":"BreadcrumbList","@id":"https:\/\/mtf-freising.de\/mma\/#breadcrumb","itemListElement":[{"@type":"ListItem","position":1,"name":"Home","item":"https:\/\/mtf-freising.de\/"},{"@type":"ListItem","position":2,"name":"Mixed Martial Arts (MMA)"}]},{"@type":"WebSite","@id":"https:\/\/mtf-freising.de\/#website","url":"https:\/\/mtf-freising.de\/","name":"Muay Thai Freunde Freising e.V.","description":"","publisher":{"@id":"https:\/\/mtf-freising.de\/#organization"},"alternateName":"www.mtf-freising.de","potentialAction":[{"@type":"SearchAction","target":{"@type":"EntryPoint","urlTemplate":"https:\/\/mtf-freising.de\/?s={search_term_string}"},"query-input":{"@type":"PropertyValueSpecification","valueRequired":true,"valueName":"search_term_string"}}],"inLanguage":"en-US"},{"@type":"Organization","@id":"https:\/\/mtf-freising.de\/#organization","name":"Muay Thai Freunde e.V.","alternateName":"Muay Thai Freunde e.V.","url":"https:\/\/mtf-freising.de\/","logo":{"@type":"ImageObject","inLanguage":"en-US","@id":"https:\/\/mtf-freising.de\/#\/schema\/logo\/image\/","url":"https:\/\/mtf-freising.de\/wp-content\/uploads\/2025\/12\/MTFF_Logo_large_sw_mitText-714x1024-1.png","contentUrl":"https:\/\/mtf-freising.de\/wp-content\/uploads\/2025\/12\/MTFF_Logo_large_sw_mitText-714x1024-1.png","width":714,"height":1024,"caption":"Muay Thai Freunde e.V."},"image":{"@id":"https:\/\/mtf-freising.de\/#\/schema\/logo\/image\/"}}]}},"_links":{"self":[{"href":"https:\/\/mtf-freising.de\/en\/wp-json\/wp\/v2\/pages\/16","targetHints":{"allow":["GET"]}}],"collection":[{"href":"https:\/\/mtf-freising.de\/en\/wp-json\/wp\/v2\/pages"}],"about":[{"href":"https:\/\/mtf-freising.de\/en\/wp-json\/wp\/v2\/types\/page"}],"author":[{"embeddable":true,"href":"https:\/\/mtf-freising.de\/en\/wp-json\/wp\/v2\/users\/1"}],"replies":[{"embeddable":true,"href":"https:\/\/mtf-freising.de\/en\/wp-json\/wp\/v2\/comments?post=16"}],"version-history":[{"count":11,"href":"https:\/\/mtf-freising.de\/en\/wp-json\/wp\/v2\/pages\/16\/revisions"}],"predecessor-version":[{"id":540,"href":"https:\/\/mtf-freising.de\/en\/wp-json\/wp\/v2\/pages\/16\/revisions\/540"}],"wp:featuredmedia":[{"embeddable":true,"href":"https:\/\/mtf-freising.de\/en\/wp-json\/wp\/v2\/media\/310"}],"wp:attachment":[{"href":"https:\/\/mtf-freising.de\/en\/wp-json\/wp\/v2\/media?parent=16"}],"curies":[{"name":"wp","href":"https:\/\/api.w.org\/{rel}","templated":true}]}}